{"id":82,"date":"2024-01-22T17:37:54","date_gmt":"2024-01-22T17:37:54","guid":{"rendered":"https:\/\/reserved-for-yoga.de\/?page_id=82"},"modified":"2024-01-22T22:22:06","modified_gmt":"2024-01-22T22:22:06","slug":"aktuelles","status":"publish","type":"page","link":"https:\/\/reserved-for-yoga.de\/","title":{"rendered":"Aktuelles"},"content":{"rendered":"\n<p>Hier entsteht eine neue Internetpr\u00e4senz, immer wenn ich Zeit habe wird sie ein St\u00fcck mit mir wachsen&#8230;.<\/p>\n\n\n\n<figure class=\"wp-block-image size-large is-resized\"><img loading=\"lazy\" decoding=\"async\" width=\"576\" height=\"1024\" src=\"https:\/\/reserved-for-yoga.de\/wp-content\/uploads\/2024\/01\/IMG-20150716-WA0005-576x1024.jpeg\" alt=\"\" class=\"wp-image-30\" style=\"width:273px;height:auto\" srcset=\"https:\/\/reserved-for-yoga.de\/wp-content\/uploads\/2024\/01\/IMG-20150716-WA0005-576x1024.jpeg 576w, https:\/\/reserved-for-yoga.de\/wp-content\/uploads\/2024\/01\/IMG-20150716-WA0005-169x300.jpeg 169w, https:\/\/reserved-for-yoga.de\/wp-content\/uploads\/2024\/01\/IMG-20150716-WA0005.jpeg 747w\" sizes=\"auto, (max-width: 576px) 100vw, 576px\" \/><\/figure>\n\n\n\n<p>Sei herzlich willkommen,<\/p>\n\n\n\n<p>ich hei\u00dfe Claudia und bin nun schon seit einigen Jahren als Yogalehrerin und Yogatherapeutin unterwegs. Du findest mich in Kursen bei der VHS Witten &#8211; Yogarium, wenn du Mitarbeiter von Naturstrom Bochum bist und neuerdings auch bei mir zu Hause, im Wohnzimmer.<\/p>\n\n\n\n<p>Hier gibt es bereits eine Kleingruppe die gerne auch wieder etwas wachsen darf.<\/p>\n\n\n\n<p>Im heimeligen Raum teilst du dir den Platz mit Sheldon, einem griechischen Clown und dem Maine Coon Kater Caleb der sich eher als Hund sieht, diese beiden sind friedlich, liegen meist ruhig auf ihren Pl\u00e4tzen.<\/p>\n\n\n\n<p>Am 07. Februar beginnt ein neuer Vormittagskurs ab 10 Uhr f\u00fcr 1,5 Stunden. Dieser Kurs ist bei der Zentralen Pr\u00fcfstelle Pr\u00e4vention gelistet und bei bestimmten Voraussetzungen kannst du einen Teil der Kursgeb\u00fchr von deiner Krankenkasse erstattet bekommen. Es ist eine Kleingruppe von h\u00f6chstens 8 Teilnehmern, so dass auch auf individuelle Bed\u00fcrfnisse eingegangen werden kann. Solltest du Fragen hierzu haben, melde dich gerne bei mir. <a href=\"mailto:Claudia@reserved-for-yoga.de\">Claudia@reserved-for-yoga.de<\/a><\/p>\n\n\n\n<p><\/p>\n\n\n\n<p>Viele Gr\u00fc\u00dfe, Claudia<\/p>\n","protected":false},"excerpt":{"rendered":"<p>Hier entsteht eine neue Internetpr\u00e4senz, immer wenn ich Zeit habe wird sie ein St\u00fcck mit mir wachsen&#8230;. Sei herzlich willkommen, ich hei\u00dfe Claudia und bin nun schon seit einigen Jahren als Yogalehrerin und Yogatherapeutin unterwegs. Du findest mich in Kursen bei der VHS Witten &#8211; Yogarium, wenn du Mitarbeiter von Naturstrom Bochum bist und neuerdings auch bei mir zu Hause, im Wohnzimmer. Hier gibt es bereits eine Kleingruppe die gerne auch wieder etwas wachsen darf. Im heimeligen Raum teilst du dir den Platz mit Sheldon, einem griechischen Clown und dem Maine Coon Kater Caleb der sich eher als Hund sieht, diese beiden sind friedlich, liegen meist ruhig auf ihren Pl\u00e4tzen. Am 07. Februar beginnt ein neuer Vormittagskurs ab 10 Uhr f\u00fcr 1,5 Stunden. Dieser Kurs ist bei der Zentralen Pr\u00fcfstelle Pr\u00e4vention gelistet und bei bestimmten Voraussetzungen kannst du einen Teil der Kursgeb\u00fchr von deiner Krankenkasse erstattet bekommen. Es ist eine Kleingruppe von h\u00f6chstens 8 Teilnehmern, so dass auch auf individuelle Bed\u00fcrfnisse eingegangen werden kann. Solltest du Fragen hierzu haben, melde dich gerne bei mir. Claudia@reserved-for-yoga.de Viele Gr\u00fc\u00dfe, Claudia<\/p>\n","protected":false},"author":1,"featured_media":0,"parent":0,"menu_order":0,"comment_status":"closed","ping_status":"closed","template":"","meta":{"footnotes":""},"class_list":["post-82","page","type-page","status-publish","hentry"],"aioseo_notices":[],"_links":{"self":[{"href":"https:\/\/reserved-for-yoga.de\/index.php?rest_route=\/wp\/v2\/pages\/82","targetHints":{"allow":["GET"]}}],"collection":[{"href":"https:\/\/reserved-for-yoga.de\/index.php?rest_route=\/wp\/v2\/pages"}],"about":[{"href":"https:\/\/reserved-for-yoga.de\/index.php?rest_route=\/wp\/v2\/types\/page"}],"author":[{"embeddable":true,"href":"https:\/\/reserved-for-yoga.de\/index.php?rest_route=\/wp\/v2\/users\/1"}],"replies":[{"embeddable":true,"href":"https:\/\/reserved-for-yoga.de\/index.php?rest_route=%2Fwp%2Fv2%2Fcomments&post=82"}],"version-history":[{"count":2,"href":"https:\/\/reserved-for-yoga.de\/index.php?rest_route=\/wp\/v2\/pages\/82\/revisions"}],"predecessor-version":[{"id":152,"href":"https:\/\/reserved-for-yoga.de\/index.php?rest_route=\/wp\/v2\/pages\/82\/revisions\/152"}],"wp:attachment":[{"href":"https:\/\/reserved-for-yoga.de\/index.php?rest_route=%2Fwp%2Fv2%2Fmedia&parent=82"}],"curies":[{"name":"wp","href":"https:\/\/api.w.org\/{rel}","templated":true}]}}